{"id":5131,"date":"2015-01-30T23:00:17","date_gmt":"2015-01-30T23:00:17","guid":{"rendered":"http:\/\/localhost:8888\/wordpress2\/?page_id=46"},"modified":"2026-03-18T22:03:02","modified_gmt":"2026-03-18T20:03:02","slug":"liput","status":"publish","type":"page","link":"https:\/\/www.nightvisions.info\/wp\/liput\/","title":{"rendered":"Liput"},"content":{"rendered":"<p style=\"font-weight: 400;\"><strong>HUOM! <\/strong>Kaikki leffamaratoniy\u00f6n 28.-29.3. kellonajat ovat talviaikaa. Kellot k\u00e4\u00e4nnet\u00e4\u00e4n vasta, kun viimeinen n\u00e4yt\u00f6s on p\u00e4r\u00e4ht\u00e4nyt k\u00e4yntiin.<\/p>\n<p><strong>Yksitt\u00e4isliput 12,50 \u20ac<\/strong><\/p>\n<p style=\"font-weight: 400;\"><strong>Kevytsarjalippu 110,00 \u20ac<\/strong><\/p>\n<p style=\"font-weight: 400;\"><span style=\"font-weight: 400;\">Sis\u00e4lt\u00e4\u00e4 10 n\u00e4yt\u00f6slippua. Ei henkil\u00f6kohtainen<\/span><\/p>\n<p style=\"font-weight: 400;\"><strong>H\/C-sarjalippu 175,00 \u20ac<\/strong><\/p>\n<p style=\"font-weight: 400;\"><span style=\"font-weight: 400;\">Sis\u00e4lt\u00e4\u00e4 yhden lipun per esityskierros kaikkiin festivaalin n\u00e4yt\u00f6ksiin keskiviikosta 25.3. sunnuntaiaamuun 29.3. (ke 25.3. 3 kpl, to 26.3. 4 kpl, pe 27.3. 5 kpl, la-su-p\u00e4iv\u00e4 ja -y\u00f6 28.-29.3. 11 kpl = yhteens\u00e4 23 kpl). Henkil\u00f6kohtainen.<\/span><\/p>\n<p style=\"font-weight: 400;\"><strong>Y\u00f6lippu 65,00 \u20ac<\/strong><\/p>\n<p style=\"font-weight: 400;\"><span style=\"font-weight: 400;\">Sis\u00e4lt\u00e4\u00e4 yhden n\u00e4yt\u00f6slipun per esityskierros (yhteens\u00e4 7 kpl) leffamaratoniy\u00f6n 28.-29.3. n\u00e4yt\u00f6ksiin la 28.3. noin klo 21 alkaen. Henkil\u00f6kohtainen.<\/span><\/p>\n<p style=\"font-weight: 400;\"><span style=\"font-weight: 400;\">Festivaalin\u00e4yt\u00f6ksiin ostettuja elokuvalippuja emme voi valitettavasti lunastaa takaisin, eik\u00e4 niit\u00e4 voi vaihtaa toisiin n\u00e4yt\u00f6slippuihin. Jos on vaara, ett\u00e4 jo ostamasi liput j\u00e4\u00e4v\u00e4t k\u00e4ytt\u00e4m\u00e4tt\u00e4, yrit\u00e4th\u00e4n l\u00f6yt\u00e4\u00e4 niille uuden kodin esimerkiksi k\u00e4ytt\u00e4miesi sosiaalisen median kanavien avulla.<\/span><\/p>\n<p>&nbsp;<\/p>\n<h3 style=\"font-weight: 400;\"><strong>Lipunmyynti<\/strong><\/h3>\n<p>Kev\u00e4\u00e4n 2026 festivaalin ennakkomyynti k\u00e4ynnistyy perjantaina 13.3.2026.<\/p>\n<p><span style=\"font-weight: 400;\">Yksitt\u00e4isliput festivaalin omasta verkkokaupasta<strong> <a href=\"https:\/\/nightvisions.kinola.ee\/night-visions-screenings.html\" target=\"_blank\" rel=\"noopener\">t\u00e4\u00e4lt\u00e4 <\/a><\/strong>JA Cinema Orionin kassalta teatterin aukioloaikoina. Tarkista Cinema Orionin aukioloajat teatterin sivuilta <a href=\"http:\/\/www.cinemaorion.fi\" target=\"_blank\" rel=\"noopener\">www.cinemaorion.fi<\/a><\/span><\/p>\n<p style=\"font-weight: 400;\"><span style=\"font-weight: 400;\">Kevytsarjaliput, y\u00f6liput ja H\/C-sarjaliput ainoastaan festivaalin omasta verkkokaupasta <strong><a href=\"https:\/\/nightvisions.kinola.ee\/web\/serial-ticket\" target=\"_blank\" rel=\"noopener\">t\u00e4\u00e4lt\u00e4<\/a><\/strong>.<\/span><\/p>\n<p style=\"font-weight: 400;\"><span style=\"font-weight: 400;\">Ei ennakkovarauksia!<\/span><\/p>\n<p>Festivaalin aikana kaikki loput yksitt\u00e4isliput ja sarjaliput myynniss\u00e4 oman verkkokaupan lis\u00e4ksi my\u00f6s kaikissa festivaaliteattereissa. Teattereiden lipunmyynti aukeaa 30 min ennen p\u00e4iv\u00e4n ensimm\u00e4ist\u00e4 n\u00e4yt\u00f6st\u00e4.<\/p>\n<p style=\"font-weight: 400;\"><span style=\"font-weight: 400;\">Festivaalin n\u00e4yt\u00f6slippuja ei valitettavasti voi maksaa kulttuuri- tai virikeseteleill\u00e4. My\u00f6sk\u00e4\u00e4n mink\u00e4\u00e4n toimijan vapaakortit eiv\u00e4t kelpaa festivaalin\u00e4yt\u00f6ksiin.<\/span><\/p>\n","protected":false},"excerpt":{"rendered":"<p>HUOM! Kaikki leffamaratoniy\u00f6n 28.-29.3. kellonajat ovat talviaikaa. Kellot k\u00e4\u00e4nnet\u00e4\u00e4n vasta, kun viimeinen n\u00e4yt\u00f6s on p\u00e4r\u00e4ht\u00e4nyt k\u00e4yntiin. Yksitt\u00e4isliput 12,50 \u20ac Kevytsarjalippu 110,00 \u20ac Sis\u00e4lt\u00e4\u00e4 10 n\u00e4yt\u00f6slippua. Ei henkil\u00f6kohtainen H\/C-sarjalippu 175,00 \u20ac Sis\u00e4lt\u00e4\u00e4 yhden lipun per esityskierros kaikkiin festivaalin n\u00e4yt\u00f6ksiin keskiviikosta 25.3. sunnuntaiaamuun 29.3. (ke 25.3. 3 kpl, to 26.3. 4 kpl, pe 27.3. 5 kpl, la-su-p\u00e4iv\u00e4<\/p>\n","protected":false},"author":1,"featured_media":0,"parent":0,"menu_order":3,"comment_status":"closed","ping_status":"open","template":"template-full.php","meta":{"footnotes":""},"class_list":["post-5131","page","type-page","status-publish","hentry","wpautop"],"translation":{"provider":"WPGlobus","version":"3.0.2","language":"fi","enabled_languages":["fi","en"],"languages":{"fi":{"title":true,"content":true,"excerpt":false},"en":{"title":true,"content":true,"excerpt":false}}},"yoast_head":"<!-- This site is optimized with the Yoast SEO plugin v27.4 - https:\/\/yoast.com\/product\/yoast-seo-wordpress\/ -->\n<title>Liput - Night Visions<\/title>\n<meta name=\"robots\" content=\"index, follow, max-snippet:-1, max-image-preview:large, max-video-preview:-1\" \/>\n<link rel=\"canonical\" href=\"https:\/\/www.nightvisions.info\/wp\/liput\/\" \/>\n<meta property=\"og:locale\" content=\"fi_FI\" \/>\n<meta property=\"og:type\" content=\"article\" \/>\n<meta property=\"og:title\" content=\"Liput - Night Visions\" \/>\n<meta property=\"og:url\" content=\"https:\/\/www.nightvisions.info\/wp\/liput\/\" \/>\n<meta property=\"og:site_name\" content=\"Night Visions\" \/>\n<meta property=\"article:publisher\" content=\"https:\/\/www.facebook.com\/nightvisionsfestival\" \/>\n<meta property=\"article:modified_time\" content=\"2026-03-18T20:03:02+00:00\" \/>\n<meta name=\"twitter:card\" content=\"summary_large_image\" \/>\n<meta name=\"twitter:site\" content=\"@nightvisionsff\" \/>\n<meta name=\"twitter:label1\" content=\"Arvioitu lukuaika\" \/>\n\t<meta name=\"twitter:data1\" content=\"2 minuuttia\" \/>\n<script type=\"application\/ld+json\" class=\"yoast-schema-graph\">{\"@context\":\"https:\\\/\\\/schema.org\",\"@graph\":[{\"@type\":\"WebPage\",\"@id\":\"https:\\\/\\\/www.nightvisions.info\\\/wp\\\/liput\\\/\",\"url\":\"https:\\\/\\\/www.nightvisions.info\\\/wp\\\/liput\\\/\",\"name\":\"Liput - Night Visions\",\"isPartOf\":{\"@id\":\"https:\\\/\\\/www.nightvisions.info\\\/wp\\\/#website\"},\"datePublished\":\"2015-01-30T23:00:17+00:00\",\"dateModified\":\"2026-03-18T20:03:02+00:00\",\"breadcrumb\":{\"@id\":\"https:\\\/\\\/www.nightvisions.info\\\/wp\\\/liput\\\/#breadcrumb\"},\"inLanguage\":\"fi\",\"potentialAction\":[{\"@type\":\"ReadAction\",\"target\":[\"https:\\\/\\\/www.nightvisions.info\\\/wp\\\/liput\\\/\"]}]},{\"@type\":\"BreadcrumbList\",\"@id\":\"https:\\\/\\\/www.nightvisions.info\\\/wp\\\/liput\\\/#breadcrumb\",\"itemListElement\":[{\"@type\":\"ListItem\",\"position\":1,\"name\":\"Home\",\"item\":\"https:\\\/\\\/www.nightvisions.info\\\/wp\\\/\"},{\"@type\":\"ListItem\",\"position\":2,\"name\":\"Liput\"}]},{\"@type\":\"WebSite\",\"@id\":\"https:\\\/\\\/www.nightvisions.info\\\/wp\\\/#website\",\"url\":\"https:\\\/\\\/www.nightvisions.info\\\/wp\\\/\",\"name\":\"Night Visions\",\"description\":\"\",\"publisher\":{\"@id\":\"https:\\\/\\\/www.nightvisions.info\\\/wp\\\/#organization\"},\"potentialAction\":[{\"@type\":\"SearchAction\",\"target\":{\"@type\":\"EntryPoint\",\"urlTemplate\":\"https:\\\/\\\/www.nightvisions.info\\\/wp\\\/?s={search_term_string}\"},\"query-input\":{\"@type\":\"PropertyValueSpecification\",\"valueRequired\":true,\"valueName\":\"search_term_string\"}}],\"inLanguage\":\"fi\"},{\"@type\":\"Organization\",\"@id\":\"https:\\\/\\\/www.nightvisions.info\\\/wp\\\/#organization\",\"name\":\"Night Visions\",\"url\":\"https:\\\/\\\/www.nightvisions.info\\\/wp\\\/\",\"logo\":{\"@type\":\"ImageObject\",\"inLanguage\":\"fi\",\"@id\":\"https:\\\/\\\/www.nightvisions.info\\\/wp\\\/#\\\/schema\\\/logo\\\/image\\\/\",\"url\":\"https:\\\/\\\/www.nightvisions.info\\\/wp\\\/wp-content\\\/uploads\\\/2015\\\/09\\\/nv-logo-pink.png\",\"contentUrl\":\"https:\\\/\\\/www.nightvisions.info\\\/wp\\\/wp-content\\\/uploads\\\/2015\\\/09\\\/nv-logo-pink.png\",\"width\":5088,\"height\":4624,\"caption\":\"Night Visions\"},\"image\":{\"@id\":\"https:\\\/\\\/www.nightvisions.info\\\/wp\\\/#\\\/schema\\\/logo\\\/image\\\/\"},\"sameAs\":[\"https:\\\/\\\/www.facebook.com\\\/nightvisionsfestival\",\"https:\\\/\\\/x.com\\\/nightvisionsff\",\"https:\\\/\\\/www.instagram.com\\\/nightvisionsfestival\\\/\"]}]}<\/script>\n<!-- \/ Yoast SEO plugin. -->","yoast_head_json":{"title":"Liput - Night Visions","robots":{"index":"index","follow":"follow","max-snippet":"max-snippet:-1","max-image-preview":"max-image-preview:large","max-video-preview":"max-video-preview:-1"},"canonical":"https:\/\/www.nightvisions.info\/wp\/liput\/","og_locale":"fi_FI","og_type":"article","og_title":"Liput - Night Visions","og_url":"https:\/\/www.nightvisions.info\/wp\/liput\/","og_site_name":"Night Visions","article_publisher":"https:\/\/www.facebook.com\/nightvisionsfestival","article_modified_time":"2026-03-18T20:03:02+00:00","twitter_card":"summary_large_image","twitter_site":"@nightvisionsff","twitter_misc":{"Arvioitu lukuaika":"2 minuuttia"},"schema":{"@context":"https:\/\/schema.org","@graph":[{"@type":"WebPage","@id":"https:\/\/www.nightvisions.info\/wp\/liput\/","url":"https:\/\/www.nightvisions.info\/wp\/liput\/","name":"Liput - Night Visions","isPartOf":{"@id":"https:\/\/www.nightvisions.info\/wp\/#website"},"datePublished":"2015-01-30T23:00:17+00:00","dateModified":"2026-03-18T20:03:02+00:00","breadcrumb":{"@id":"https:\/\/www.nightvisions.info\/wp\/liput\/#breadcrumb"},"inLanguage":"fi","potentialAction":[{"@type":"ReadAction","target":["https:\/\/www.nightvisions.info\/wp\/liput\/"]}]},{"@type":"BreadcrumbList","@id":"https:\/\/www.nightvisions.info\/wp\/liput\/#breadcrumb","itemListElement":[{"@type":"ListItem","position":1,"name":"Home","item":"https:\/\/www.nightvisions.info\/wp\/"},{"@type":"ListItem","position":2,"name":"Liput"}]},{"@type":"WebSite","@id":"https:\/\/www.nightvisions.info\/wp\/#website","url":"https:\/\/www.nightvisions.info\/wp\/","name":"Night Visions","description":"","publisher":{"@id":"https:\/\/www.nightvisions.info\/wp\/#organization"},"potentialAction":[{"@type":"SearchAction","target":{"@type":"EntryPoint","urlTemplate":"https:\/\/www.nightvisions.info\/wp\/?s={search_term_string}"},"query-input":{"@type":"PropertyValueSpecification","valueRequired":true,"valueName":"search_term_string"}}],"inLanguage":"fi"},{"@type":"Organization","@id":"https:\/\/www.nightvisions.info\/wp\/#organization","name":"Night Visions","url":"https:\/\/www.nightvisions.info\/wp\/","logo":{"@type":"ImageObject","inLanguage":"fi","@id":"https:\/\/www.nightvisions.info\/wp\/#\/schema\/logo\/image\/","url":"https:\/\/www.nightvisions.info\/wp\/wp-content\/uploads\/2015\/09\/nv-logo-pink.png","contentUrl":"https:\/\/www.nightvisions.info\/wp\/wp-content\/uploads\/2015\/09\/nv-logo-pink.png","width":5088,"height":4624,"caption":"Night Visions"},"image":{"@id":"https:\/\/www.nightvisions.info\/wp\/#\/schema\/logo\/image\/"},"sameAs":["https:\/\/www.facebook.com\/nightvisionsfestival","https:\/\/x.com\/nightvisionsff","https:\/\/www.instagram.com\/nightvisionsfestival\/"]}]}},"_links":{"self":[{"href":"https:\/\/www.nightvisions.info\/wp\/wp-json\/wp\/v2\/pages\/5131","targetHints":{"allow":["GET"]}}],"collection":[{"href":"https:\/\/www.nightvisions.info\/wp\/wp-json\/wp\/v2\/pages"}],"about":[{"href":"https:\/\/www.nightvisions.info\/wp\/wp-json\/wp\/v2\/types\/page"}],"author":[{"embeddable":true,"href":"https:\/\/www.nightvisions.info\/wp\/wp-json\/wp\/v2\/users\/1"}],"replies":[{"embeddable":true,"href":"https:\/\/www.nightvisions.info\/wp\/wp-json\/wp\/v2\/comments?post=5131"}],"version-history":[{"count":282,"href":"https:\/\/www.nightvisions.info\/wp\/wp-json\/wp\/v2\/pages\/5131\/revisions"}],"predecessor-version":[{"id":27023,"href":"https:\/\/www.nightvisions.info\/wp\/wp-json\/wp\/v2\/pages\/5131\/revisions\/27023"}],"wp:attachment":[{"href":"https:\/\/www.nightvisions.info\/wp\/wp-json\/wp\/v2\/media?parent=5131"}],"curies":[{"name":"wp","href":"https:\/\/api.w.org\/{rel}","templated":true}]}}